{"id":231,"date":"2017-11-09T19:56:15","date_gmt":"2017-11-09T18:56:15","guid":{"rendered":"http:\/\/www.dauner-narrenzunft.de\/web\/?page_id=231"},"modified":"2026-03-25T22:36:29","modified_gmt":"2026-03-25T21:36:29","slug":"termine","status":"publish","type":"page","link":"https:\/\/www.dauner-narrenzunft.de\/web\/termine\/","title":{"rendered":"Termine"},"content":{"rendered":"\n<div class=\"dnz-termine\">\n\n  <h2 class=\"dnz-section-title\" style=\"color:#c0392b; border-color:#c0392b; margin-top:40px;\">Kommende Termine<\/h2>\n  <p style=\"color:#888; font-size:0.95em; font-family:inherit;\">Neue Termine f\u00fcr die n\u00e4chste Session folgen in K\u00fcrze. \ud83c\udfad<\/p>\n\n<\/div><h2 class=\"dnz-section-title\">Vergangene Termine<\/h2>\n\n  <div class=\"dnz-card vergangen\">\n    <div class=\"dnz-card-datum\">\n      <span class=\"tag\">Sa<\/span>\n      <span class=\"datum-zahl\">15<\/span>\n      <span class=\"monat\">Nov 25<\/span>\n      <span class=\"uhrzeit\">19:11 Uhr<\/span>\n    <\/div>\n    <div class=\"dnz-card-info\">\n      <p class=\"titel\">Sessionser\u00f6ffnung 2025\/2026<\/p>\n      <p class=\"ort\">\ud83c\udfdb Kinopalast Vulkaneifel<\/p>\n      <p class=\"ort-detail\">Leopoldstra\u00dfe 31, 54550 Daun<\/p>\n      <span class=\"dnz-badge-vergangen\">Vergangen<\/span>\n    <\/div>\n  <\/div>\n\n  <div class=\"dnz-card vergangen\">\n    <div class=\"dnz-card-datum\">\n      <span class=\"tag\">Fr<\/span>\n      <span class=\"datum-zahl\">21<\/span>\n      <span class=\"monat\">Nov 25<\/span>\n      <span class=\"uhrzeit\">19:00 Uhr<\/span>\n    <\/div>\n    <div class=\"dnz-card-info\">\n      <p class=\"titel\">Jahreshauptversammlung 2025<\/p>\n      <p class=\"ort\">\ud83c\udfe8 Landhotel Krolik<\/p>\n      <p class=\"ort-detail\">Lieserstr. 17, 54550 Daun-Gem\u00fcnden<\/p>\n      <span class=\"dnz-badge-vergangen\">Vergangen<\/span>\n    <\/div>\n  <\/div>\n\n  <div class=\"dnz-card vergangen\">\n    <div class=\"dnz-card-datum\">\n      <span class=\"tag\">Sa<\/span>\n      <span class=\"datum-zahl\">10<\/span>\n      <span class=\"monat\">Jan 26<\/span>\n      <span class=\"uhrzeit\">11:11 Uhr<\/span>\n    <\/div>\n    <div class=\"dnz-card-info\">\n      <p class=\"titel\">Kartenvorverkauf f\u00fcr die Prunksitzung<\/p>\n      <p class=\"ort\">\ud83c\udfdb Kinopalast Vulkaneifel<\/p>\n      <p class=\"ort-detail\">Leopoldstra\u00dfe 31, 54550 Daun<\/p>\n      <span class=\"dnz-badge-vergangen\">Vergangen<\/span>\n    <\/div>\n  <\/div>\n\n  <div class=\"dnz-card vergangen\">\n    <div class=\"dnz-card-datum\">\n      <span class=\"tag\">Do<\/span>\n      <span class=\"datum-zahl\">12<\/span>\n      <span class=\"monat\">Feb 26<\/span>\n      <span class=\"uhrzeit\">11:11 Uhr<\/span>\n    <\/div>\n    <div class=\"dnz-card-info\">\n      <p class=\"titel\">Rathausst\u00fcrmung<\/p>\n      <p class=\"ort\">\ud83c\udfdb Stadtverwaltung Daun<\/p>\n      <p class=\"ort-detail\">Leopoldstra\u00dfe 29, 54550 Daun<\/p>\n      <span class=\"dnz-badge-vergangen\">Vergangen<\/span>\n    <\/div>\n  <\/div>\n\n  <div class=\"dnz-card vergangen\">\n    <div class=\"dnz-card-datum\">\n      <span class=\"tag\">Do<\/span>\n      <span class=\"datum-zahl\">12<\/span>\n      <span class=\"monat\">Feb 26<\/span>\n      <span class=\"uhrzeit\">14:00 Uhr<\/span>\n    <\/div>\n    <div class=\"dnz-card-info\">\n      <p class=\"titel\">Dau Jeck 2026 \u2013 Die Karnevalsparty<\/p>\n      <p class=\"ort\">\ud83c\udfaa Veranstaltungszentrum Forum Daun<\/p>\n      <p class=\"ort-detail\">Leopoldstra\u00dfe 5, 54550 Daun<\/p>\n      <span class=\"dnz-badge-vergangen\">Vergangen<\/span>\n    <\/div>\n  <\/div>\n\n  <div class=\"dnz-card vergangen\">\n    <div class=\"dnz-card-datum\">\n      <span class=\"tag\">Sa<\/span>\n      <span class=\"datum-zahl\">14<\/span>\n      <span class=\"monat\">Feb 26<\/span>\n      <span class=\"uhrzeit\">20:11 Uhr<\/span>\n    <\/div>\n    <div class=\"dnz-card-info\">\n      <p class=\"titel\">Gro\u00dfe Prunksitzung<\/p>\n      <p class=\"ort\">\ud83c\udfaa Veranstaltungszentrum Forum Daun<\/p>\n      <p class=\"ort-detail\">Leopoldstra\u00dfe 5, 54550 Daun<\/p>\n      <span class=\"dnz-badge-vergangen\">Vergangen<\/span>\n    <\/div>\n  <\/div>\n\n  <div class=\"dnz-card vergangen\">\n    <div class=\"dnz-card-datum\">\n      <span class=\"tag\">So<\/span>\n      <span class=\"datum-zahl\">15<\/span>\n      <span class=\"monat\">Feb 26<\/span>\n      <span class=\"uhrzeit\">15:11 Uhr<\/span>\n    <\/div>\n    <div class=\"dnz-card-info\">\n      <p class=\"titel\">Kindersitzung<\/p>\n      <p class=\"ort\">\ud83c\udfaa Veranstaltungszentrum Forum Daun<\/p>\n      <p class=\"ort-detail\">Leopoldstra\u00dfe 5, 54550 Daun<\/p>\n      <span class=\"dnz-badge-vergangen\">Vergangen<\/span>\n    <\/div>\n  <\/div>\n\n  \n\n\n\n<p><\/p>\n","protected":false},"excerpt":{"rendered":"<p>Kommende Termine Neue Termine f\u00fcr die n\u00e4chste Session folgen in K\u00fcrze. \ud83c\udfad Vergangene Termine Sa 15 Nov 25 19:11 Uhr Sessionser\u00f6ffnung 2025\/2026 \ud83c\udfdb Kinopalast Vulkaneifel Leopoldstra\u00dfe 31, 54550 Daun Vergangen Fr 21 Nov 25 19:00 Uhr Jahreshauptversammlung 2025 \ud83c\udfe8 Landhotel Krolik Lieserstr. 17, 54550 Daun-Gem\u00fcnden Vergangen Sa 10 Jan 26 11:11 Uhr Kartenvorverkauf f\u00fcr die &hellip; <\/p>\n<p class=\"link-more\"><a href=\"https:\/\/www.dauner-narrenzunft.de\/web\/termine\/\" class=\"more-link\"><span class=\"screen-reader-text\">\u201eTermine\u201c <\/span>weiterlesen<\/a><\/p>\n","protected":false},"author":1,"featured_media":0,"parent":0,"menu_order":0,"comment_status":"closed","ping_status":"closed","template":"","meta":{"ngg_post_thumbnail":0,"footnotes":""},"class_list":["post-231","page","type-page","status-publish","hentry"],"_links":{"self":[{"href":"https:\/\/www.dauner-narrenzunft.de\/web\/wp-json\/wp\/v2\/pages\/231","targetHints":{"allow":["GET"]}}],"collection":[{"href":"https:\/\/www.dauner-narrenzunft.de\/web\/wp-json\/wp\/v2\/pages"}],"about":[{"href":"https:\/\/www.dauner-narrenzunft.de\/web\/wp-json\/wp\/v2\/types\/page"}],"author":[{"embeddable":true,"href":"https:\/\/www.dauner-narrenzunft.de\/web\/wp-json\/wp\/v2\/users\/1"}],"replies":[{"embeddable":true,"href":"https:\/\/www.dauner-narrenzunft.de\/web\/wp-json\/wp\/v2\/comments?post=231"}],"version-history":[{"count":43,"href":"https:\/\/www.dauner-narrenzunft.de\/web\/wp-json\/wp\/v2\/pages\/231\/revisions"}],"predecessor-version":[{"id":16894,"href":"https:\/\/www.dauner-narrenzunft.de\/web\/wp-json\/wp\/v2\/pages\/231\/revisions\/16894"}],"wp:attachment":[{"href":"https:\/\/www.dauner-narrenzunft.de\/web\/wp-json\/wp\/v2\/media?parent=231"}],"curies":[{"name":"wp","href":"https:\/\/api.w.org\/{rel}","templated":true}]}}