{"id":199,"date":"2017-11-09T19:39:50","date_gmt":"2017-11-09T18:39:50","guid":{"rendered":"http:\/\/www.dauner-narrenzunft.de\/web\/?page_id=199"},"modified":"2026-03-25T22:05:29","modified_gmt":"2026-03-25T21:05:29","slug":"sponsoren","status":"publish","type":"page","link":"https:\/\/www.dauner-narrenzunft.de\/web\/ueber-uns\/sponsoren\/","title":{"rendered":"Unsere Sponsoren"},"content":{"rendered":"\n<div class=\"dnz-sponsor-intro\">\n  <p>Karneval lebt von Gemeinschaft \u2013 und unsere Gemeinschaft lebt von euch.<\/p>\n  <p>Ohne die gro\u00dfz\u00fcgige Unterst\u00fctzung unserer Sponsoren w\u00e4ren unsere Veranstaltungen in dieser Form nicht m\u00f6glich.<\/p>\n  <p>Ihr seid ein unverzichtbarer Teil der Dauner Narrenzunft.<\/p>\n  <p class=\"dnz-sponsor-danke\">Dankesch\u00f6n!<\/p>\n<\/div>\n<div class=\"dnz-sponsor-grid\">\n  \n  <div class=\"dnz-sponsor-item\">\n    <img decoding=\"async\" src=\"https:\/\/www.dauner-narrenzunft.de\/web\/wp-content\/uploads\/2024\/10\/Logo-Absolut-echt-anziehend-300x120.jpg\" alt=\"Absolut \u2013 echt anziehend\" loading=\"lazy\" \/>\n  <\/div>\n  <div class=\"dnz-sponsor-item\">\n    <img decoding=\"async\" src=\"https:\/\/www.dauner-narrenzunft.de\/web\/wp-content\/uploads\/2025\/01\/Logo-HeinzBauer-300x120.jpg\" alt=\"Heinz Bauer\" loading=\"lazy\" \/>\n  <\/div>\n  <div class=\"dnz-sponsor-item\">\n    <img decoding=\"async\" src=\"https:\/\/www.dauner-narrenzunft.de\/web\/wp-content\/uploads\/2026\/01\/Homepage-Logo-Marc-Saxler-300x120.jpg\" alt=\"Immobilien Marc Saxler\" loading=\"lazy\" \/>\n  <\/div>\n  <div class=\"dnz-sponsor-item\">\n    <img decoding=\"async\" src=\"https:\/\/www.dauner-narrenzunft.de\/web\/wp-content\/uploads\/2026\/01\/Homepage-Logo-Intersport-Lehnen-300x120.jpg\" alt=\"Intersport Lehnen\" loading=\"lazy\" \/>\n  <\/div>\n  <div class=\"dnz-sponsor-item\">\n    <img decoding=\"async\" src=\"https:\/\/www.dauner-narrenzunft.de\/web\/wp-content\/uploads\/2026\/01\/Homepage-Logo-Mademoiselle-300x120.jpg\" alt=\"Mademoiselle\" loading=\"lazy\" \/>\n  <\/div>\n  <div class=\"dnz-sponsor-item\">\n    <img decoding=\"async\" src=\"https:\/\/www.dauner-narrenzunft.de\/web\/wp-content\/uploads\/2024\/10\/Logo-Minninger-300x120.jpg\" alt=\"Minninger\" loading=\"lazy\" \/>\n  <\/div>\n  <div class=\"dnz-sponsor-item\">\n    <img decoding=\"async\" src=\"https:\/\/www.dauner-narrenzunft.de\/web\/wp-content\/uploads\/2026\/02\/Homepage-Logo-Optik-Mayer-300x300.jpg\" alt=\"Optik Mayer\" loading=\"lazy\" \/>\n  <\/div>\n  <div class=\"dnz-sponsor-item\">\n    <img decoding=\"async\" src=\"https:\/\/www.dauner-narrenzunft.de\/web\/wp-content\/uploads\/2026\/01\/Homepage-Logo-Panorama-300x120.jpg\" alt=\"Hotel-Restaurant Panorama\" loading=\"lazy\" \/>\n  <\/div>\n  <div class=\"dnz-sponsor-item\">\n    <a href=\"https:\/\/www.metall-kreativ-daun.de\" target=\"_blank\" rel=\"noopener noreferrer\">\n      <img decoding=\"async\" src=\"https:\/\/www.dauner-narrenzunft.de\/web\/wp-content\/uploads\/2026\/01\/Homepage-Logo-Metall-Kreativ-300x120.jpg\" alt=\"Reufsteck Metall Kreativ\" loading=\"lazy\" \/>\n    <\/a>\n  <\/div>\n  <div class=\"dnz-sponsor-item\">\n    <a href=\"https:\/\/www.schwitzkasten-daun.de\" target=\"_blank\" rel=\"noopener noreferrer\">\n      <img decoding=\"async\" src=\"https:\/\/www.dauner-narrenzunft.de\/web\/wp-content\/uploads\/2026\/01\/Homepage-Logo-Schwitzkasten-300x120.jpg\" alt=\"Schwitzkasten\" loading=\"lazy\" \/>\n    <\/a>\n  <\/div>\n  <div class=\"dnz-sponsor-item\">\n    <a href=\"https:\/\/www.uhren-mayer-juwelier.de\" target=\"_blank\" rel=\"noopener noreferrer\">\n      <img decoding=\"async\" src=\"https:\/\/www.dauner-narrenzunft.de\/web\/wp-content\/uploads\/2025\/01\/Logo-Uhren-Mayer-300x120.jpg\" alt=\"Uhren Mayer Juwelier\" loading=\"lazy\" \/>\n    <\/a>\n  <\/div>\n  <div class=\"dnz-sponsor-item\">\n    <a href=\"https:\/\/www.vulkaneifel-apotheken.de\" target=\"_blank\" rel=\"noopener noreferrer\">\n      <img decoding=\"async\" src=\"https:\/\/www.dauner-narrenzunft.de\/web\/wp-content\/uploads\/2026\/02\/Homepage-Logo-Vulkaneifel-Apotheken-300x120.jpg\" alt=\"Vulkaneifel Apotheken\" loading=\"lazy\" \/>\n    <\/a>\n  <\/div>\n  <div class=\"dnz-sponsor-item\">\n    <img decoding=\"async\" src=\"https:\/\/www.dauner-narrenzunft.de\/web\/wp-content\/uploads\/2025\/01\/Logo-Wirtshaus-zu-den-Maaren-300x120.jpg\" alt=\"Wirtshaus zu den Maaren\" loading=\"lazy\" \/>\n  <\/div>\n<\/div>\n","protected":false},"excerpt":{"rendered":"<p>Karneval lebt von Gemeinschaft \u2013 und unsere Gemeinschaft lebt von euch. Ohne die gro\u00dfz\u00fcgige Unterst\u00fctzung unserer Sponsoren w\u00e4ren unsere Veranstaltungen in dieser Form nicht m\u00f6glich. Ihr seid ein unverzichtbarer Teil der Dauner Narrenzunft. Dankesch\u00f6n!<\/p>\n","protected":false},"author":1,"featured_media":0,"parent":191,"menu_order":3,"comment_status":"closed","ping_status":"closed","template":"","meta":{"ngg_post_thumbnail":0,"footnotes":""},"class_list":["post-199","page","type-page","status-publish","hentry"],"_links":{"self":[{"href":"https:\/\/www.dauner-narrenzunft.de\/web\/wp-json\/wp\/v2\/pages\/199","targetHints":{"allow":["GET"]}}],"collection":[{"href":"https:\/\/www.dauner-narrenzunft.de\/web\/wp-json\/wp\/v2\/pages"}],"about":[{"href":"https:\/\/www.dauner-narrenzunft.de\/web\/wp-json\/wp\/v2\/types\/page"}],"author":[{"embeddable":true,"href":"https:\/\/www.dauner-narrenzunft.de\/web\/wp-json\/wp\/v2\/users\/1"}],"replies":[{"embeddable":true,"href":"https:\/\/www.dauner-narrenzunft.de\/web\/wp-json\/wp\/v2\/comments?post=199"}],"version-history":[{"count":35,"href":"https:\/\/www.dauner-narrenzunft.de\/web\/wp-json\/wp\/v2\/pages\/199\/revisions"}],"predecessor-version":[{"id":16883,"href":"https:\/\/www.dauner-narrenzunft.de\/web\/wp-json\/wp\/v2\/pages\/199\/revisions\/16883"}],"up":[{"embeddable":true,"href":"https:\/\/www.dauner-narrenzunft.de\/web\/wp-json\/wp\/v2\/pages\/191"}],"wp:attachment":[{"href":"https:\/\/www.dauner-narrenzunft.de\/web\/wp-json\/wp\/v2\/media?parent=199"}],"curies":[{"name":"wp","href":"https:\/\/api.w.org\/{rel}","templated":true}]}}