{"id":197,"date":"2017-11-09T19:37:16","date_gmt":"2017-11-09T18:37:16","guid":{"rendered":"http:\/\/www.dauner-narrenzunft.de\/web\/?page_id=197"},"modified":"2019-03-13T12:34:35","modified_gmt":"2019-03-13T11:34:35","slug":"verein","status":"publish","type":"page","link":"https:\/\/www.dauner-narrenzunft.de\/web\/ueber-uns\/verein\/","title":{"rendered":"Unser Verein"},"content":{"rendered":"<div class=\"art-layout-cell layout-item-1\">\n<p>Die Dauner Narrenzunft bietet f\u00fcr Gro\u00df und Klein ein buntes Programm zur Karnevalszeit.<\/p>\n<p>Ob beim Kinderkarneval, unserer Gro\u00dfen Prunksitzung oder bei unseren Disco-Veranstaltungen bis sp\u00e4t in die Nacht. Dies alles wird von uns mit viel pers\u00f6nlichem Einsatz in Eigeninitiative geleistet. Alle packen mit an. Ob Organisation, Training der Garden, Aufbau und Dekoration f\u00fcr die Veranstaltungen und Kreation unseres aufw\u00e4ndigen B\u00fchnenbildes oder Beschaffung neuer Kost\u00fcme, jeder hilft mit. Um Ihnen jedes Jahr neue Attraktionen bieten zu k\u00f6nnen ben\u00f6tigen wir Ihre Mithilfe.<\/p>\n<p>Sie k\u00f6nnen uns mit einer Mitgliedschaft in der Dauner Narrenzunft e.V. unterst\u00fctzen und daf\u00fcr sorgen, dass die Wahrung dieses sch\u00f6nen Brauchs noch lange bestehen bleibt.<\/p>\n<p>Einen besonderen Dank m\u00f6chten wir hier unseren Visagisten und Helfern aussprechen, die leider nur sehr wenig von unserer Gro\u00dfen Prunksitzung mitbekommen, da sie in den Umkleider\u00e4umen die Aktiven auf Ihren n\u00e4chsten Auftritt vorbereiten.<\/p>\n<\/div>\n<div class=\"art-layout-cell layout-item-1\">\n<p>Besonders erw\u00e4hnen m\u00f6chten wir hier auch unser Deko-Kreativ-Team, das f\u00fcr die anspruchsvolle Gestaltung unserer B\u00fchne bei der Gro\u00dfen Prunksitzung zust\u00e4ndig ist.<\/p>\n<\/div>\n","protected":false},"excerpt":{"rendered":"<p>Die Dauner Narrenzunft bietet f\u00fcr Gro\u00df und Klein ein buntes Programm zur Karnevalszeit. Ob beim Kinderkarneval, unserer Gro\u00dfen Prunksitzung oder bei unseren Disco-Veranstaltungen bis sp\u00e4t in die Nacht. Dies alles wird von uns mit viel pers\u00f6nlichem Einsatz in Eigeninitiative geleistet. Alle packen mit an. Ob Organisation, Training der Garden, Aufbau und Dekoration f\u00fcr die Veranstaltungen &hellip; <\/p>\n<p class=\"link-more\"><a href=\"https:\/\/www.dauner-narrenzunft.de\/web\/ueber-uns\/verein\/\" class=\"more-link\"><span class=\"screen-reader-text\">\u201eUnser Verein\u201c <\/span>weiterlesen<\/a><\/p>\n","protected":false},"author":1,"featured_media":0,"parent":191,"menu_order":0,"comment_status":"closed","ping_status":"closed","template":"","meta":{"ngg_post_thumbnail":0,"footnotes":""},"class_list":["post-197","page","type-page","status-publish","hentry"],"_links":{"self":[{"href":"https:\/\/www.dauner-narrenzunft.de\/web\/wp-json\/wp\/v2\/pages\/197","targetHints":{"allow":["GET"]}}],"collection":[{"href":"https:\/\/www.dauner-narrenzunft.de\/web\/wp-json\/wp\/v2\/pages"}],"about":[{"href":"https:\/\/www.dauner-narrenzunft.de\/web\/wp-json\/wp\/v2\/types\/page"}],"author":[{"embeddable":true,"href":"https:\/\/www.dauner-narrenzunft.de\/web\/wp-json\/wp\/v2\/users\/1"}],"replies":[{"embeddable":true,"href":"https:\/\/www.dauner-narrenzunft.de\/web\/wp-json\/wp\/v2\/comments?post=197"}],"version-history":[{"count":4,"href":"https:\/\/www.dauner-narrenzunft.de\/web\/wp-json\/wp\/v2\/pages\/197\/revisions"}],"predecessor-version":[{"id":12395,"href":"https:\/\/www.dauner-narrenzunft.de\/web\/wp-json\/wp\/v2\/pages\/197\/revisions\/12395"}],"up":[{"embeddable":true,"href":"https:\/\/www.dauner-narrenzunft.de\/web\/wp-json\/wp\/v2\/pages\/191"}],"wp:attachment":[{"href":"https:\/\/www.dauner-narrenzunft.de\/web\/wp-json\/wp\/v2\/media?parent=197"}],"curies":[{"name":"wp","href":"https:\/\/api.w.org\/{rel}","templated":true}]}}