{"id":1694,"date":"2017-11-09T21:39:01","date_gmt":"2017-11-09T20:39:01","guid":{"rendered":"http:\/\/www.dauner-narrenzunft.de\/web\/?page_id=1694"},"modified":"2024-02-28T15:22:40","modified_gmt":"2024-02-28T14:22:40","slug":"gaestebuch","status":"publish","type":"page","link":"https:\/\/www.dauner-narrenzunft.de\/web\/mitglieder\/gaestebuch\/","title":{"rendered":"G\u00e4stebuch"},"content":{"rendered":"<p>Hallo Freunde,<br \/>\nwir w\u00fcrden uns sehr \u00fcber einen Eintrag in unserem neuen G\u00e4stebuch freuen.<\/p>\n","protected":false},"excerpt":{"rendered":"<p>Hallo Freunde, wir w\u00fcrden uns sehr \u00fcber einen Eintrag in unserem neuen G\u00e4stebuch freuen.<\/p>\n","protected":false},"author":1,"featured_media":0,"parent":12411,"menu_order":0,"comment_status":"open","ping_status":"closed","template":"","meta":{"ngg_post_thumbnail":0,"footnotes":""},"class_list":["post-1694","page","type-page","status-publish","hentry"],"_links":{"self":[{"href":"https:\/\/www.dauner-narrenzunft.de\/web\/wp-json\/wp\/v2\/pages\/1694","targetHints":{"allow":["GET"]}}],"collection":[{"href":"https:\/\/www.dauner-narrenzunft.de\/web\/wp-json\/wp\/v2\/pages"}],"about":[{"href":"https:\/\/www.dauner-narrenzunft.de\/web\/wp-json\/wp\/v2\/types\/page"}],"author":[{"embeddable":true,"href":"https:\/\/www.dauner-narrenzunft.de\/web\/wp-json\/wp\/v2\/users\/1"}],"replies":[{"embeddable":true,"href":"https:\/\/www.dauner-narrenzunft.de\/web\/wp-json\/wp\/v2\/comments?post=1694"}],"version-history":[{"count":2,"href":"https:\/\/www.dauner-narrenzunft.de\/web\/wp-json\/wp\/v2\/pages\/1694\/revisions"}],"predecessor-version":[{"id":11723,"href":"https:\/\/www.dauner-narrenzunft.de\/web\/wp-json\/wp\/v2\/pages\/1694\/revisions\/11723"}],"up":[{"embeddable":true,"href":"https:\/\/www.dauner-narrenzunft.de\/web\/wp-json\/wp\/v2\/pages\/12411"}],"wp:attachment":[{"href":"https:\/\/www.dauner-narrenzunft.de\/web\/wp-json\/wp\/v2\/media?parent=1694"}],"curies":[{"name":"wp","href":"https:\/\/api.w.org\/{rel}","templated":true}]}}